{"id":52,"date":"2023-12-01T12:38:33","date_gmt":"2023-12-01T15:38:33","guid":{"rendered":"https:\/\/www.arkavet.cl\/blog\/?page_id=52"},"modified":"2025-03-19T14:54:21","modified_gmt":"2025-03-19T17:54:21","slug":"quienes-somos","status":"publish","type":"page","link":"https:\/\/www.arkavet.cl\/blog\/quienes-somos\/","title":{"rendered":"\u00bfQui\u00e9nes somos?"},"content":{"rendered":"\n<figure class=\"wp-block-image size-large\"><img loading=\"lazy\" decoding=\"async\" width=\"1024\" height=\"768\" src=\"https:\/\/www.arkavet.cl\/blog\/wp-content\/uploads\/2023\/12\/equipo-1024x768.jpeg\" alt=\"\" class=\"wp-image-78\" srcset=\"https:\/\/www.arkavet.cl\/blog\/wp-content\/uploads\/2023\/12\/equipo-1024x768.jpeg 1024w, https:\/\/www.arkavet.cl\/blog\/wp-content\/uploads\/2023\/12\/equipo-300x225.jpeg 300w, https:\/\/www.arkavet.cl\/blog\/wp-content\/uploads\/2023\/12\/equipo-768x576.jpeg 768w, https:\/\/www.arkavet.cl\/blog\/wp-content\/uploads\/2023\/12\/equipo-1536x1152.jpeg 1536w, https:\/\/www.arkavet.cl\/blog\/wp-content\/uploads\/2023\/12\/equipo-809x607.jpeg 809w, https:\/\/www.arkavet.cl\/blog\/wp-content\/uploads\/2023\/12\/equipo.jpeg 2048w\" sizes=\"auto, (max-width: 1024px) 100vw, 1024px\" \/><\/figure>\n\n\n\n<p>Cl\u00ednica veterinaria <em><strong>ArkaVet<\/strong><\/em>, entrega salud de calidad a perros y gatos en Vitacura, desde el a\u00f1o 2023; enfatizando en la prevenci\u00f3n como m\u00e9todo para preservar el bienestar y mejorar la calidad de vida de \u00e9stos.<\/p>\n\n\n\n<p>Nuestro lema: <em><strong>&#8220;Amor por tus mascotas&#8221;<\/strong><\/em>, no es m\u00e1s que un reflejo de nuestro cari\u00f1o y dedicaci\u00f3n hacia ellas. M\u00e1s que una cl\u00ednica veterinaria, nos hemos conformado como una gran comunidad en la que el com\u00fan denominador es la felicidad de nuestros amigos peluditos.<\/p>\n\n\n\n<p>Todo esto es propiciado por el equipo m\u00e9dico de <em><strong>ArkaVet<\/strong><\/em>, profesionales de gran trayectoria que aportan con su conocimiento y experiencia, entregando diagn\u00f3sticos certeros y atenciones oportunas que permiten la mejora y la prevenci\u00f3n de enfermedades.<\/p>\n","protected":false},"excerpt":{"rendered":"<p>Cl\u00ednica veterinaria ArkaVet, entrega salud de calidad a perros y gatos en Vitacura, desde el a\u00f1o 2023; enfatizando en la prevenci\u00f3n como m\u00e9todo para preservar<\/p>\n","protected":false},"author":1,"featured_media":0,"parent":0,"menu_order":0,"comment_status":"closed","ping_status":"closed","template":"","meta":{"footnotes":""},"class_list":["post-52","page","type-page","status-publish","hentry"],"yoast_head":"<!-- This site is optimized with the Yoast SEO plugin v25.2 - https:\/\/yoast.com\/wordpress\/plugins\/seo\/ -->\n<title>\u00bfQui\u00e9nes somos? - Blog ARKAVet<\/title>\n<meta name=\"description\" content=\"En centro de especialidades veterinarias ArkaVet nos preocupamos por la prevenci\u00f3n y el cuidado continuo de la salud de tu mascota.\" \/>\n<meta name=\"robots\" content=\"index, follow, max-snippet:-1, max-image-preview:large, max-video-preview:-1\" \/>\n<link rel=\"canonical\" href=\"https:\/\/www.arkavet.cl\/blog\/quienes-somos\/\" \/>\n<meta property=\"og:locale\" content=\"es_ES\" \/>\n<meta property=\"og:type\" content=\"article\" \/>\n<meta property=\"og:title\" content=\"\u00bfQui\u00e9nes somos? - Blog ARKAVet\" \/>\n<meta property=\"og:description\" content=\"En centro de especialidades veterinarias ArkaVet nos preocupamos por la prevenci\u00f3n y el cuidado continuo de la salud de tu mascota.\" \/>\n<meta property=\"og:url\" content=\"https:\/\/www.arkavet.cl\/blog\/quienes-somos\/\" \/>\n<meta property=\"og:site_name\" content=\"Blog ARKAVet\" \/>\n<meta property=\"article:publisher\" content=\"https:\/\/m.facebook.com\/profile.php?id=100095676095940\" \/>\n<meta property=\"article:modified_time\" content=\"2025-03-19T17:54:21+00:00\" \/>\n<meta property=\"og:image\" content=\"https:\/\/www.arkavet.cl\/blog\/wp-content\/uploads\/2023\/12\/equipo.jpeg\" \/>\n\t<meta property=\"og:image:width\" content=\"2048\" \/>\n\t<meta property=\"og:image:height\" content=\"1536\" \/>\n\t<meta property=\"og:image:type\" content=\"image\/jpeg\" \/>\n<meta name=\"twitter:card\" content=\"summary_large_image\" \/>\n<meta name=\"twitter:label1\" content=\"Tiempo estimado de lectura\" \/>\n\t<meta name=\"twitter:data1\" content=\"1 minuto\" \/>\n<script type=\"application\/ld+json\" class=\"yoast-schema-graph\">{\"@context\":\"https:\/\/schema.org\",\"@graph\":[{\"@type\":\"WebPage\",\"@id\":\"https:\/\/www.arkavet.cl\/blog\/quienes-somos\/\",\"url\":\"https:\/\/www.arkavet.cl\/blog\/quienes-somos\/\",\"name\":\"\u00bfQui\u00e9nes somos? - Blog ARKAVet\",\"isPartOf\":{\"@id\":\"https:\/\/www.arkavet.cl\/blog\/#website\"},\"primaryImageOfPage\":{\"@id\":\"https:\/\/www.arkavet.cl\/blog\/quienes-somos\/#primaryimage\"},\"image\":{\"@id\":\"https:\/\/www.arkavet.cl\/blog\/quienes-somos\/#primaryimage\"},\"thumbnailUrl\":\"https:\/\/www.arkavet.cl\/blog\/wp-content\/uploads\/2023\/12\/equipo-1024x768.jpeg\",\"datePublished\":\"2023-12-01T15:38:33+00:00\",\"dateModified\":\"2025-03-19T17:54:21+00:00\",\"description\":\"En centro de especialidades veterinarias ArkaVet nos preocupamos por la prevenci\u00f3n y el cuidado continuo de la salud de tu mascota.\",\"breadcrumb\":{\"@id\":\"https:\/\/www.arkavet.cl\/blog\/quienes-somos\/#breadcrumb\"},\"inLanguage\":\"es-CL\",\"potentialAction\":[{\"@type\":\"ReadAction\",\"target\":[\"https:\/\/www.arkavet.cl\/blog\/quienes-somos\/\"]}]},{\"@type\":\"ImageObject\",\"inLanguage\":\"es-CL\",\"@id\":\"https:\/\/www.arkavet.cl\/blog\/quienes-somos\/#primaryimage\",\"url\":\"https:\/\/www.arkavet.cl\/blog\/wp-content\/uploads\/2023\/12\/equipo.jpeg\",\"contentUrl\":\"https:\/\/www.arkavet.cl\/blog\/wp-content\/uploads\/2023\/12\/equipo.jpeg\",\"width\":2048,\"height\":1536},{\"@type\":\"BreadcrumbList\",\"@id\":\"https:\/\/www.arkavet.cl\/blog\/quienes-somos\/#breadcrumb\",\"itemListElement\":[{\"@type\":\"ListItem\",\"position\":1,\"name\":\"Portada\",\"item\":\"https:\/\/www.arkavet.cl\/blog\/\"},{\"@type\":\"ListItem\",\"position\":2,\"name\":\"\u00bfQui\u00e9nes somos?\"}]},{\"@type\":\"WebSite\",\"@id\":\"https:\/\/www.arkavet.cl\/blog\/#website\",\"url\":\"https:\/\/www.arkavet.cl\/blog\/\",\"name\":\"ArkaVet\",\"description\":\"Consejos y Cuidado Integral para Mascotas\",\"publisher\":{\"@id\":\"https:\/\/www.arkavet.cl\/blog\/#organization\"},\"potentialAction\":[{\"@type\":\"SearchAction\",\"target\":{\"@type\":\"EntryPoint\",\"urlTemplate\":\"https:\/\/www.arkavet.cl\/blog\/?s={search_term_string}\"},\"query-input\":{\"@type\":\"PropertyValueSpecification\",\"valueRequired\":true,\"valueName\":\"search_term_string\"}}],\"inLanguage\":\"es-CL\"},{\"@type\":\"Organization\",\"@id\":\"https:\/\/www.arkavet.cl\/blog\/#organization\",\"name\":\"ArkaVet\",\"url\":\"https:\/\/www.arkavet.cl\/blog\/\",\"logo\":{\"@type\":\"ImageObject\",\"inLanguage\":\"es-CL\",\"@id\":\"https:\/\/www.arkavet.cl\/blog\/#\/schema\/logo\/image\/\",\"url\":\"https:\/\/www.arkavet.cl\/blog\/wp-content\/uploads\/2023\/12\/favicon.png\",\"contentUrl\":\"https:\/\/www.arkavet.cl\/blog\/wp-content\/uploads\/2023\/12\/favicon.png\",\"width\":200,\"height\":200,\"caption\":\"ArkaVet\"},\"image\":{\"@id\":\"https:\/\/www.arkavet.cl\/blog\/#\/schema\/logo\/image\/\"},\"sameAs\":[\"https:\/\/m.facebook.com\/profile.php?id=100095676095940\",\"https:\/\/www.instagram.com\/arkavet_cl\/?igshid=MzRlODBiNWFlZA\",\"https:\/\/www.tiktok.com\/@arkavet_cl\"]}]}<\/script>\n<!-- \/ Yoast SEO plugin. -->","yoast_head_json":{"title":"\u00bfQui\u00e9nes somos? - Blog ARKAVet","description":"En centro de especialidades veterinarias ArkaVet nos preocupamos por la prevenci\u00f3n y el cuidado continuo de la salud de tu mascota.","robots":{"index":"index","follow":"follow","max-snippet":"max-snippet:-1","max-image-preview":"max-image-preview:large","max-video-preview":"max-video-preview:-1"},"canonical":"https:\/\/www.arkavet.cl\/blog\/quienes-somos\/","og_locale":"es_ES","og_type":"article","og_title":"\u00bfQui\u00e9nes somos? - Blog ARKAVet","og_description":"En centro de especialidades veterinarias ArkaVet nos preocupamos por la prevenci\u00f3n y el cuidado continuo de la salud de tu mascota.","og_url":"https:\/\/www.arkavet.cl\/blog\/quienes-somos\/","og_site_name":"Blog ARKAVet","article_publisher":"https:\/\/m.facebook.com\/profile.php?id=100095676095940","article_modified_time":"2025-03-19T17:54:21+00:00","og_image":[{"width":2048,"height":1536,"url":"https:\/\/www.arkavet.cl\/blog\/wp-content\/uploads\/2023\/12\/equipo.jpeg","type":"image\/jpeg"}],"twitter_card":"summary_large_image","twitter_misc":{"Tiempo estimado de lectura":"1 minuto"},"schema":{"@context":"https:\/\/schema.org","@graph":[{"@type":"WebPage","@id":"https:\/\/www.arkavet.cl\/blog\/quienes-somos\/","url":"https:\/\/www.arkavet.cl\/blog\/quienes-somos\/","name":"\u00bfQui\u00e9nes somos? - Blog ARKAVet","isPartOf":{"@id":"https:\/\/www.arkavet.cl\/blog\/#website"},"primaryImageOfPage":{"@id":"https:\/\/www.arkavet.cl\/blog\/quienes-somos\/#primaryimage"},"image":{"@id":"https:\/\/www.arkavet.cl\/blog\/quienes-somos\/#primaryimage"},"thumbnailUrl":"https:\/\/www.arkavet.cl\/blog\/wp-content\/uploads\/2023\/12\/equipo-1024x768.jpeg","datePublished":"2023-12-01T15:38:33+00:00","dateModified":"2025-03-19T17:54:21+00:00","description":"En centro de especialidades veterinarias ArkaVet nos preocupamos por la prevenci\u00f3n y el cuidado continuo de la salud de tu mascota.","breadcrumb":{"@id":"https:\/\/www.arkavet.cl\/blog\/quienes-somos\/#breadcrumb"},"inLanguage":"es-CL","potentialAction":[{"@type":"ReadAction","target":["https:\/\/www.arkavet.cl\/blog\/quienes-somos\/"]}]},{"@type":"ImageObject","inLanguage":"es-CL","@id":"https:\/\/www.arkavet.cl\/blog\/quienes-somos\/#primaryimage","url":"https:\/\/www.arkavet.cl\/blog\/wp-content\/uploads\/2023\/12\/equipo.jpeg","contentUrl":"https:\/\/www.arkavet.cl\/blog\/wp-content\/uploads\/2023\/12\/equipo.jpeg","width":2048,"height":1536},{"@type":"BreadcrumbList","@id":"https:\/\/www.arkavet.cl\/blog\/quienes-somos\/#breadcrumb","itemListElement":[{"@type":"ListItem","position":1,"name":"Portada","item":"https:\/\/www.arkavet.cl\/blog\/"},{"@type":"ListItem","position":2,"name":"\u00bfQui\u00e9nes somos?"}]},{"@type":"WebSite","@id":"https:\/\/www.arkavet.cl\/blog\/#website","url":"https:\/\/www.arkavet.cl\/blog\/","name":"ArkaVet","description":"Consejos y Cuidado Integral para Mascotas","publisher":{"@id":"https:\/\/www.arkavet.cl\/blog\/#organization"},"potentialAction":[{"@type":"SearchAction","target":{"@type":"EntryPoint","urlTemplate":"https:\/\/www.arkavet.cl\/blog\/?s={search_term_string}"},"query-input":{"@type":"PropertyValueSpecification","valueRequired":true,"valueName":"search_term_string"}}],"inLanguage":"es-CL"},{"@type":"Organization","@id":"https:\/\/www.arkavet.cl\/blog\/#organization","name":"ArkaVet","url":"https:\/\/www.arkavet.cl\/blog\/","logo":{"@type":"ImageObject","inLanguage":"es-CL","@id":"https:\/\/www.arkavet.cl\/blog\/#\/schema\/logo\/image\/","url":"https:\/\/www.arkavet.cl\/blog\/wp-content\/uploads\/2023\/12\/favicon.png","contentUrl":"https:\/\/www.arkavet.cl\/blog\/wp-content\/uploads\/2023\/12\/favicon.png","width":200,"height":200,"caption":"ArkaVet"},"image":{"@id":"https:\/\/www.arkavet.cl\/blog\/#\/schema\/logo\/image\/"},"sameAs":["https:\/\/m.facebook.com\/profile.php?id=100095676095940","https:\/\/www.instagram.com\/arkavet_cl\/?igshid=MzRlODBiNWFlZA","https:\/\/www.tiktok.com\/@arkavet_cl"]}]}},"_links":{"self":[{"href":"https:\/\/www.arkavet.cl\/blog\/wp-json\/wp\/v2\/pages\/52","targetHints":{"allow":["GET"]}}],"collection":[{"href":"https:\/\/www.arkavet.cl\/blog\/wp-json\/wp\/v2\/pages"}],"about":[{"href":"https:\/\/www.arkavet.cl\/blog\/wp-json\/wp\/v2\/types\/page"}],"author":[{"embeddable":true,"href":"https:\/\/www.arkavet.cl\/blog\/wp-json\/wp\/v2\/users\/1"}],"replies":[{"embeddable":true,"href":"https:\/\/www.arkavet.cl\/blog\/wp-json\/wp\/v2\/comments?post=52"}],"version-history":[{"count":3,"href":"https:\/\/www.arkavet.cl\/blog\/wp-json\/wp\/v2\/pages\/52\/revisions"}],"predecessor-version":[{"id":96,"href":"https:\/\/www.arkavet.cl\/blog\/wp-json\/wp\/v2\/pages\/52\/revisions\/96"}],"wp:attachment":[{"href":"https:\/\/www.arkavet.cl\/blog\/wp-json\/wp\/v2\/media?parent=52"}],"curies":[{"name":"wp","href":"https:\/\/api.w.org\/{rel}","templated":true}]}}